{"id":84,"date":"2022-05-25T17:14:53","date_gmt":"2022-05-25T20:14:53","guid":{"rendered":"http:\/\/groovemaster.rclabs.com.br\/?page_id=84"},"modified":"2024-07-17T17:28:13","modified_gmt":"2024-07-17T20:28:13","slug":"programacao-diaria","status":"publish","type":"page","link":"https:\/\/sarrorecords.com.br\/?page_id=84","title":{"rendered":"Vibes na Cidade"},"content":{"rendered":"<div id=\"dslc-theme-content\"><div id=\"dslc-theme-content-inner\">\n<h3 class=\"wp-block-heading\">Veja abaixo as VIBES que t\u00e3o rolando em sua cidade e agende-se \u00e0 divers\u00e3o.<\/h3>\n\n\n\n<p class=\"wp-block-paragraph\"><strong>Voc\u00ea poder\u00e1 cadastrar o seu evento no pr\u00f3prio site \"AllEvents\", acessando <a href=\"https:\/\/allevents.in\" target=\"_blank\" rel=\"noreferrer noopener nofollow\">https:\/\/allevents.in<\/a><\/strong><\/p>\n\n\n\n<h2 class=\"wp-block-heading\"><\/h2>\n\n\n\n<hr class=\"wp-block-separator has-alpha-channel-opacity\"\/>\n\n\n\n<h3 class=\"wp-block-heading\">[city-events city='Bras\u00edlia' category='Concerts,Music,Parties,Festivals,Performances,Dance,All' width='100%']<\/h3>\n\n\n\n<p class=\"wp-block-paragraph\"><\/p>\n<\/div><\/div>","protected":false},"excerpt":{"rendered":"<p>Veja abaixo as VIBES que t\u00e3o rolando em sua cidade e agende-se \u00e0 divers\u00e3o. Voc\u00ea poder\u00e1 cadastrar o seu evento no pr\u00f3prio site \"AllEvents\", acessando https:\/\/allevents.in [city-events city='Bras\u00edlia' category='Concerts,Music,Parties,Festivals,Performances,Dance,All' width='100%']<\/p>\n","protected":false},"author":4,"featured_media":0,"parent":0,"menu_order":0,"comment_status":"closed","ping_status":"closed","template":"","meta":{"_crdt_document":"","footnotes":""},"class_list":["post-84","page","type-page","status-publish","hentry"],"_links":{"self":[{"href":"https:\/\/sarrorecords.com.br\/index.php?rest_route=\/wp\/v2\/pages\/84","targetHints":{"allow":["GET"]}}],"collection":[{"href":"https:\/\/sarrorecords.com.br\/index.php?rest_route=\/wp\/v2\/pages"}],"about":[{"href":"https:\/\/sarrorecords.com.br\/index.php?rest_route=\/wp\/v2\/types\/page"}],"author":[{"embeddable":true,"href":"https:\/\/sarrorecords.com.br\/index.php?rest_route=\/wp\/v2\/users\/4"}],"replies":[{"embeddable":true,"href":"https:\/\/sarrorecords.com.br\/index.php?rest_route=%2Fwp%2Fv2%2Fcomments&post=84"}],"version-history":[{"count":27,"href":"https:\/\/sarrorecords.com.br\/index.php?rest_route=\/wp\/v2\/pages\/84\/revisions"}],"predecessor-version":[{"id":1095,"href":"https:\/\/sarrorecords.com.br\/index.php?rest_route=\/wp\/v2\/pages\/84\/revisions\/1095"}],"wp:attachment":[{"href":"https:\/\/sarrorecords.com.br\/index.php?rest_route=%2Fwp%2Fv2%2Fmedia&parent=84"}],"curies":[{"name":"wp","href":"https:\/\/api.w.org\/{rel}","templated":true}]}}